{"id":3,"date":"2025-03-20T08:42:10","date_gmt":"2025-03-20T08:42:10","guid":{"rendered":"http:\/\/www.excellentum.testontwikkeling.nl\/?page_id=3"},"modified":"2025-06-27T16:19:25","modified_gmt":"2025-06-27T14:19:25","slug":"erklarung-zum-datenschutz","status":"publish","type":"page","link":"https:\/\/www.excellentum.nl\/de\/erklarung-zum-datenschutz\/","title":{"rendered":"Datenschutzerkl\u00e4rung"},"content":{"rendered":"<p><b>Erkl\u00e4rung zum Datenschutz - Excellentum Human Capital Solutions B.V.<\/b><\/p>\n<p><b>Fassung Juli 2025<\/b><\/p>\n<p><span style=\"font-weight: 400;\">Excellentum Human Capital Solutions B.V. legt Wert auf den Schutz der Privatsph\u00e4re von Bewerbern und Gesch\u00e4ftsbeziehungen. Wir verarbeiten personenbezogene Daten mit gro\u00dfer Sorgfalt und in \u00dcbereinstimmung mit der Allgemeinen Datenschutzverordnung (AVG).<\/span><\/p>\n<p><b><br \/>\nWarum sammeln wir personenbezogene Daten?<\/b><\/p>\n<p><span style=\"font-weight: 400;\">Wir erheben personenbezogene Daten nur dann, wenn dies f\u00fcr die Erbringung unserer Dienstleistungen, z. B. die Suche nach geeigneten Kandidaten f\u00fcr offene Stellen, erforderlich ist. Diese Daten k\u00f6nnen sich auf potenzielle und aktive Bewerber sowie auf Gesch\u00e4ftskontakte beziehen.<\/span><\/p>\n<p><b><br \/>\nWelche Daten sammeln wir?<\/b><\/p>\n<p><span style=\"font-weight: 400;\">Wir k\u00f6nnen die folgenden personenbezogenen Daten verarbeiten:<\/span><\/p>\n<p><span style=\"font-weight: 400;\">- Daten aus Lebensl\u00e4ufen, Briefen oder E-Mails<\/span><\/p>\n<p><span style=\"font-weight: 400;\">- Name, Anschrift, Wohnort, Geburtsdatum<\/span><\/p>\n<p><span style=\"font-weight: 400;\">- Ausbildung, derzeitige und fr\u00fchere Positionen<\/span><\/p>\n<p><span style=\"font-weight: 400;\">- Gehaltsinformationen und Ergebnisse von Beurteilungen<\/span><\/p>\n<p><span style=\"font-weight: 400;\">- Interviewberichte von unseren Beratern<\/span><\/p>\n<p><b><br \/>\nWozu verwenden wir personenbezogene Daten?<\/b><\/p>\n<p><span style=\"font-weight: 400;\">Wir verwenden diese Daten, um:<\/span><\/p>\n<p><span style=\"font-weight: 400;\">- Unterrichtung der Bewerber \u00fcber geeignete freie Stellen<\/span><\/p>\n<p><span style=\"font-weight: 400;\">- Einladen von Bewerbern zu Vorstellungsgespr\u00e4chen oder Veranstaltungen<\/span><\/p>\n<p><span style=\"font-weight: 400;\">- Pflege von Beziehungen zu Bewerbern und Kunden<\/span><\/p>\n<p><span style=\"font-weight: 400;\">- Ansprechen von Personen f\u00fcr ihr Fachwissen oder f\u00fcr Gl\u00fcckw\u00fcnsche<\/span><\/p>\n<p><span style=\"font-weight: 400;\">Sie k\u00f6nnen sich jederzeit von diesen Mitteilungen abmelden.<\/span><\/p>\n<p><b><br \/>\nWie lange bewahren wir personenbezogene Daten auf?<\/b><\/p>\n<p><span style=\"font-weight: 400;\">Wir bewahren personenbezogene Daten so lange auf, wie es f\u00fcr unsere Dienstleistungen erforderlich ist. Wir bauen oft langfristige Beziehungen zu Bewerbern auf. Ihre Daten werden sicher gespeichert und gel\u00f6scht, sobald Sie dies w\u00fcnschen oder wir entscheiden, dass sie nicht mehr ben\u00f6tigt werden.<\/span><\/p>\n<p><b><br \/>\nSicherheit personenbezogener Daten<\/b><\/p>\n<p><span style=\"font-weight: 400;\">Wir treffen geeignete technische und organisatorische Ma\u00dfnahmen, um personenbezogene Daten vor Verlust oder Missbrauch zu sch\u00fctzen. Die Mitarbeiter sind zur Verschwiegenheit verpflichtet. Im Falle einer Datenschutzverletzung melden wir dies den zust\u00e4ndigen Beh\u00f6rden und informieren die Betroffenen.<\/span><\/p>\n<p>&nbsp;<\/p>\n<p><b>Ihre Rechte<\/b><\/p>\n<p><span style=\"font-weight: 400;\">Sie haben das Recht dazu:<\/span><\/p>\n<p><span style=\"font-weight: 400;\">- Einsicht in Ihre pers\u00f6nlichen Daten<\/span><\/p>\n<p><span style=\"font-weight: 400;\">- Falsche Daten berichtigen lassen<\/span><\/p>\n<p><span style=\"font-weight: 400;\">- Lassen Sie Ihre Daten l\u00f6schen<\/span><\/p>\n<p><span style=\"font-weight: 400;\">- Widerspruch gegen die Verarbeitung Ihrer Daten<\/span><\/p>\n<p><span style=\"font-weight: 400;\">- Beantragung der Einschr\u00e4nkung oder Weitergabe Ihrer Daten<\/span><\/p>\n<p><b><br \/>\nKontakt aufnehmen<\/b><\/p>\n<p><span style=\"font-weight: 400;\">Bei Fragen oder zur Aus\u00fcbung Ihrer Rechte wenden Sie sich bitte an info@excellentum.nl.<\/span><\/p>\n<p><b><br \/>\n\u00c4nderungen<\/b><\/p>\n<p><span style=\"font-weight: 400;\">Diese Erkl\u00e4rung zum Datenschutz kann sich \u00e4ndern. Die aktuellste Version finden Sie immer auf unserer Website.<\/span><\/p>","protected":false},"excerpt":{"rendered":"<p>Privacyverklaring \u2013 Excellentum Human Capital Solutions B.V. Versie Juli 2025 Excellentum Human Capital Solutions B.V. hecht veel waarde aan de privacy van kandidaten en zakelijke relaties. We verwerken persoonsgegevens met grote zorgvuldigheid en in overeenstemming met de Algemene Verordening Gegevensbescherming (AVG). Waarom verzamelen wij persoonsgegevens? Wij verzamelen persoonsgegevens alleen wanneer dat nodig is om onze [&hellip;]<\/p>","protected":false},"author":1,"featured_media":0,"parent":0,"menu_order":0,"comment_status":"closed","ping_status":"closed","template":"","meta":{"footnotes":""},"class_list":["post-3","page","type-page","status-publish","hentry"],"yoast_head":"<!-- This site is optimized with the Yoast SEO plugin v26.4 - https:\/\/yoast.com\/wordpress\/plugins\/seo\/ -->\n<title>Privacy verklaring - Excellentum<\/title>\n<meta name=\"robots\" content=\"index, follow, max-snippet:-1, max-image-preview:large, max-video-preview:-1\" \/>\n<link rel=\"canonical\" href=\"https:\/\/www.excellentum.nl\/de\/erklarung-zum-datenschutz\/\" \/>\n<meta property=\"og:locale\" content=\"de_DE\" \/>\n<meta property=\"og:type\" content=\"article\" \/>\n<meta property=\"og:title\" content=\"Privacy verklaring - Excellentum\" \/>\n<meta property=\"og:description\" content=\"Privacyverklaring \u2013 Excellentum Human Capital Solutions B.V. Versie Juli 2025 Excellentum Human Capital Solutions B.V. hecht veel waarde aan de privacy van kandidaten en zakelijke relaties. We verwerken persoonsgegevens met grote zorgvuldigheid en in overeenstemming met de Algemene Verordening Gegevensbescherming (AVG). Waarom verzamelen wij persoonsgegevens? Wij verzamelen persoonsgegevens alleen wanneer dat nodig is om onze [&hellip;]\" \/>\n<meta property=\"og:url\" content=\"https:\/\/www.excellentum.nl\/de\/erklarung-zum-datenschutz\/\" \/>\n<meta property=\"og:site_name\" content=\"Excellentum\" \/>\n<meta property=\"article:modified_time\" content=\"2025-06-27T14:19:25+00:00\" \/>\n<meta name=\"twitter:card\" content=\"summary_large_image\" \/>\n<meta name=\"twitter:label1\" content=\"Gesch\u00e4tzte Lesezeit\" \/>\n\t<meta name=\"twitter:data1\" content=\"2\u00a0Minuten\" \/>\n<script type=\"application\/ld+json\" class=\"yoast-schema-graph\">{\"@context\":\"https:\/\/schema.org\",\"@graph\":[{\"@type\":\"WebPage\",\"@id\":\"https:\/\/www.excellentum.nl\/privacyverklaring\/\",\"url\":\"https:\/\/www.excellentum.nl\/privacyverklaring\/\",\"name\":\"Privacy verklaring - Excellentum\",\"isPartOf\":{\"@id\":\"https:\/\/www.excellentum.nl\/#website\"},\"datePublished\":\"2025-03-20T08:42:10+00:00\",\"dateModified\":\"2025-06-27T14:19:25+00:00\",\"breadcrumb\":{\"@id\":\"https:\/\/www.excellentum.nl\/privacyverklaring\/#breadcrumb\"},\"inLanguage\":\"de\",\"potentialAction\":[{\"@type\":\"ReadAction\",\"target\":[\"https:\/\/www.excellentum.nl\/privacyverklaring\/\"]}]},{\"@type\":\"BreadcrumbList\",\"@id\":\"https:\/\/www.excellentum.nl\/privacyverklaring\/#breadcrumb\",\"itemListElement\":[{\"@type\":\"ListItem\",\"position\":1,\"name\":\"Home\",\"item\":\"https:\/\/www.excellentum.nl\/\"},{\"@type\":\"ListItem\",\"position\":2,\"name\":\"Privacy verklaring\"}]},{\"@type\":\"WebSite\",\"@id\":\"https:\/\/www.excellentum.nl\/#website\",\"url\":\"https:\/\/www.excellentum.nl\/\",\"name\":\"Excellentum\",\"description\":\"Uw business partner in Human Capital Solutions\",\"publisher\":{\"@id\":\"https:\/\/www.excellentum.nl\/#organization\"},\"potentialAction\":[{\"@type\":\"SearchAction\",\"target\":{\"@type\":\"EntryPoint\",\"urlTemplate\":\"https:\/\/www.excellentum.nl\/?s={search_term_string}\"},\"query-input\":{\"@type\":\"PropertyValueSpecification\",\"valueRequired\":true,\"valueName\":\"search_term_string\"}}],\"inLanguage\":\"de\"},{\"@type\":\"Organization\",\"@id\":\"https:\/\/www.excellentum.nl\/#organization\",\"name\":\"Excellentum\",\"url\":\"https:\/\/www.excellentum.nl\/\",\"logo\":{\"@type\":\"ImageObject\",\"inLanguage\":\"de\",\"@id\":\"https:\/\/www.excellentum.nl\/#\/schema\/logo\/image\/\",\"url\":\"https:\/\/www.excellentum.nl\/wp-content\/uploads\/2025\/03\/logo-company3.svg\",\"contentUrl\":\"https:\/\/www.excellentum.nl\/wp-content\/uploads\/2025\/03\/logo-company3.svg\",\"width\":118,\"height\":27,\"caption\":\"Excellentum\"},\"image\":{\"@id\":\"https:\/\/www.excellentum.nl\/#\/schema\/logo\/image\/\"}}]}<\/script>\n<!-- \/ Yoast SEO plugin. -->","yoast_head_json":{"title":"Datenschutzerkl\u00e4rung - Excellentum","robots":{"index":"index","follow":"follow","max-snippet":"max-snippet:-1","max-image-preview":"max-image-preview:large","max-video-preview":"max-video-preview:-1"},"canonical":"https:\/\/www.excellentum.nl\/de\/erklarung-zum-datenschutz\/","og_locale":"de_DE","og_type":"article","og_title":"Privacy verklaring - Excellentum","og_description":"Privacyverklaring \u2013 Excellentum Human Capital Solutions B.V. Versie Juli 2025 Excellentum Human Capital Solutions B.V. hecht veel waarde aan de privacy van kandidaten en zakelijke relaties. We verwerken persoonsgegevens met grote zorgvuldigheid en in overeenstemming met de Algemene Verordening Gegevensbescherming (AVG). Waarom verzamelen wij persoonsgegevens? Wij verzamelen persoonsgegevens alleen wanneer dat nodig is om onze [&hellip;]","og_url":"https:\/\/www.excellentum.nl\/de\/erklarung-zum-datenschutz\/","og_site_name":"Excellentum","article_modified_time":"2025-06-27T14:19:25+00:00","twitter_card":"summary_large_image","twitter_misc":{"Gesch\u00e4tzte Lesezeit":"2\u00a0Minuten"},"schema":{"@context":"https:\/\/schema.org","@graph":[{"@type":"WebPage","@id":"https:\/\/www.excellentum.nl\/privacyverklaring\/","url":"https:\/\/www.excellentum.nl\/privacyverklaring\/","name":"Datenschutzerkl\u00e4rung - Excellentum","isPartOf":{"@id":"https:\/\/www.excellentum.nl\/#website"},"datePublished":"2025-03-20T08:42:10+00:00","dateModified":"2025-06-27T14:19:25+00:00","breadcrumb":{"@id":"https:\/\/www.excellentum.nl\/privacyverklaring\/#breadcrumb"},"inLanguage":"de","potentialAction":[{"@type":"ReadAction","target":["https:\/\/www.excellentum.nl\/privacyverklaring\/"]}]},{"@type":"BreadcrumbList","@id":"https:\/\/www.excellentum.nl\/privacyverklaring\/#breadcrumb","itemListElement":[{"@type":"ListItem","position":1,"name":"Home","item":"https:\/\/www.excellentum.nl\/"},{"@type":"ListItem","position":2,"name":"Privacy verklaring"}]},{"@type":"WebSite","@id":"https:\/\/www.excellentum.nl\/#website","url":"https:\/\/www.excellentum.nl\/","name":"Excellentum","description":"Ihr Gesch\u00e4ftspartner f\u00fcr Human Capital Solutions","publisher":{"@id":"https:\/\/www.excellentum.nl\/#organization"},"potentialAction":[{"@type":"SearchAction","target":{"@type":"EntryPoint","urlTemplate":"https:\/\/www.excellentum.nl\/?s={search_term_string}"},"query-input":{"@type":"PropertyValueSpecification","valueRequired":true,"valueName":"search_term_string"}}],"inLanguage":"de"},{"@type":"Organization","@id":"https:\/\/www.excellentum.nl\/#organization","name":"Excellentum","url":"https:\/\/www.excellentum.nl\/","logo":{"@type":"ImageObject","inLanguage":"de","@id":"https:\/\/www.excellentum.nl\/#\/schema\/logo\/image\/","url":"https:\/\/www.excellentum.nl\/wp-content\/uploads\/2025\/03\/logo-company3.svg","contentUrl":"https:\/\/www.excellentum.nl\/wp-content\/uploads\/2025\/03\/logo-company3.svg","width":118,"height":27,"caption":"Excellentum"},"image":{"@id":"https:\/\/www.excellentum.nl\/#\/schema\/logo\/image\/"}}]}},"_links":{"self":[{"href":"https:\/\/www.excellentum.nl\/de\/wp-json\/wp\/v2\/pages\/3","targetHints":{"allow":["GET"]}}],"collection":[{"href":"https:\/\/www.excellentum.nl\/de\/wp-json\/wp\/v2\/pages"}],"about":[{"href":"https:\/\/www.excellentum.nl\/de\/wp-json\/wp\/v2\/types\/page"}],"author":[{"embeddable":true,"href":"https:\/\/www.excellentum.nl\/de\/wp-json\/wp\/v2\/users\/1"}],"replies":[{"embeddable":true,"href":"https:\/\/www.excellentum.nl\/de\/wp-json\/wp\/v2\/comments?post=3"}],"version-history":[{"count":6,"href":"https:\/\/www.excellentum.nl\/de\/wp-json\/wp\/v2\/pages\/3\/revisions"}],"predecessor-version":[{"id":2072,"href":"https:\/\/www.excellentum.nl\/de\/wp-json\/wp\/v2\/pages\/3\/revisions\/2072"}],"wp:attachment":[{"href":"https:\/\/www.excellentum.nl\/de\/wp-json\/wp\/v2\/media?parent=3"}],"curies":[{"name":"wp","href":"https:\/\/api.w.org\/{rel}","templated":true}]}}